{"id":2004,"date":"2024-08-28T20:36:23","date_gmt":"2024-08-28T20:36:23","guid":{"rendered":"https:\/\/hermesart.si\/pogosta-vprasanja\/"},"modified":"2025-09-28T22:40:55","modified_gmt":"2025-09-28T22:40:55","slug":"pogosta-vprasanja","status":"publish","type":"page","link":"https:\/\/hermesart.si\/sl\/pogosta-vprasanja\/","title":{"rendered":"Pogosta vpra\u0161anja"},"content":{"rendered":"\t\t<div data-elementor-type=\"wp-page\" data-elementor-id=\"2004\" class=\"elementor elementor-2004 elementor-331\" data-elementor-post-type=\"page\">\n\t\t\t\t\t\t<section class=\"elementor-section elementor-top-section elementor-element elementor-element-8e288b8 elementor-section-height-min-height elementor-section-boxed elementor-section-height-default elementor-section-items-middle\" data-id=\"8e288b8\" data-element_type=\"section\" data-settings=\"{&quot;background_background&quot;:&quot;classic&quot;}\">\n\t\t\t\t\t\t<div class=\"elementor-container elementor-column-gap-wider\">\n\t\t\t\t\t<div class=\"elementor-column elementor-col-100 elementor-top-column elementor-element elementor-element-3b26d05b\" data-id=\"3b26d05b\" data-element_type=\"column\">\n\t\t\t<div class=\"elementor-widget-wrap elementor-element-populated\">\n\t\t\t\t\t\t\t<\/div>\n\t\t<\/div>\n\t\t\t\t\t<\/div>\n\t\t<\/section>\n\t\t\t\t<section class=\"elementor-section elementor-top-section elementor-element elementor-element-4497eea3 elementor-section-boxed elementor-section-height-default elementor-section-height-default\" data-id=\"4497eea3\" data-element_type=\"section\">\n\t\t\t\t\t\t<div class=\"elementor-container elementor-column-gap-wider\">\n\t\t\t\t\t<div class=\"elementor-column elementor-col-100 elementor-top-column elementor-element elementor-element-3b1e9b76\" data-id=\"3b1e9b76\" data-element_type=\"column\">\n\t\t\t<div class=\"elementor-widget-wrap elementor-element-populated\">\n\t\t\t\t\t\t<section class=\"elementor-section elementor-inner-section elementor-element elementor-element-2ea1167e elementor-section-boxed elementor-section-height-default elementor-section-height-default\" data-id=\"2ea1167e\" data-element_type=\"section\">\n\t\t\t\t\t\t<div class=\"elementor-container elementor-column-gap-no\">\n\t\t\t\t\t<div class=\"elementor-column elementor-col-100 elementor-inner-column elementor-element elementor-element-37215f89\" data-id=\"37215f89\" data-element_type=\"column\">\n\t\t\t<div class=\"elementor-widget-wrap elementor-element-populated\">\n\t\t\t\t\t\t<div class=\"elementor-element elementor-element-623c3e2a elementor-widget elementor-widget-heading\" data-id=\"623c3e2a\" data-element_type=\"widget\" data-widget_type=\"heading.default\">\n\t\t\t\t<div class=\"elementor-widget-container\">\n\t\t\t\t\t<h2 class=\"elementor-heading-title elementor-size-default\">O sobi<\/h2>\t\t\t\t<\/div>\n\t\t\t\t<\/div>\n\t\t\t\t<div class=\"elementor-element elementor-element-42235ef7 elementor-widget__width-initial elementor-widget elementor-widget-heading\" data-id=\"42235ef7\" data-element_type=\"widget\" data-widget_type=\"heading.default\">\n\t\t\t\t<div class=\"elementor-widget-container\">\n\t\t\t\t\t<h2 class=\"elementor-heading-title elementor-size-default\">Poi\u0161\u010dite odgovore na svoja vpra\u0161anja tukaj<\/h2>\t\t\t\t<\/div>\n\t\t\t\t<\/div>\n\t\t\t\t\t<\/div>\n\t\t<\/div>\n\t\t\t\t\t<\/div>\n\t\t<\/section>\n\t\t\t\t<section class=\"elementor-section elementor-inner-section elementor-element elementor-element-687cc90e elementor-section-boxed elementor-section-height-default elementor-section-height-default\" data-id=\"687cc90e\" data-element_type=\"section\">\n\t\t\t\t\t\t<div class=\"elementor-container elementor-column-gap-wider\">\n\t\t\t\t\t<div class=\"elementor-column elementor-col-50 elementor-inner-column elementor-element elementor-element-5e0f726e\" data-id=\"5e0f726e\" data-element_type=\"column\">\n\t\t\t<div class=\"elementor-widget-wrap elementor-element-populated\">\n\t\t\t\t\t\t<section class=\"elementor-section elementor-inner-section elementor-element elementor-element-5c11bca9 elementor-section-boxed elementor-section-height-default elementor-section-height-default\" data-id=\"5c11bca9\" data-element_type=\"section\" data-settings=\"{&quot;background_background&quot;:&quot;classic&quot;}\">\n\t\t\t\t\t\t<div class=\"elementor-container elementor-column-gap-wider\">\n\t\t\t\t\t<div class=\"elementor-column elementor-col-100 elementor-inner-column elementor-element elementor-element-3c922251\" data-id=\"3c922251\" data-element_type=\"column\">\n\t\t\t<div class=\"elementor-widget-wrap elementor-element-populated\">\n\t\t\t\t\t\t<div class=\"elementor-element elementor-element-76c9b4ca elementor-widget elementor-widget-icon-box\" data-id=\"76c9b4ca\" data-element_type=\"widget\" data-widget_type=\"icon-box.default\">\n\t\t\t\t<div class=\"elementor-widget-container\">\n\t\t\t\t\t\t\t<div class=\"elementor-icon-box-wrapper\">\n\n\t\t\t\n\t\t\t\t\t\t<div class=\"elementor-icon-box-content\">\n\n\t\t\t\t\t\t\t\t\t<h3 class=\"elementor-icon-box-title\">\n\t\t\t\t\t\t<span  >\n\t\t\t\t\t\t\tJe zajtrk vklju\u010den v ceno sobe?\t\t\t\t\t\t<\/span>\n\t\t\t\t\t<\/h3>\n\t\t\t\t\n\t\t\t\t\t\t\t\t\t<p class=\"elementor-icon-box-description\">\n\t\t\t\t\t\tZajtrk ni vklju\u010den v standardno ceno sobe. Vendar pa ponujamo zajtrk z dopla\u010dilom. \t\t\t\t\t<\/p>\n\t\t\t\t\n\t\t\t<\/div>\n\t\t\t\n\t\t<\/div>\n\t\t\t\t\t\t<\/div>\n\t\t\t\t<\/div>\n\t\t\t\t\t<\/div>\n\t\t<\/div>\n\t\t\t\t\t<\/div>\n\t\t<\/section>\n\t\t\t\t\t<\/div>\n\t\t<\/div>\n\t\t\t\t<div class=\"elementor-column elementor-col-50 elementor-inner-column elementor-element elementor-element-7ea20abc\" data-id=\"7ea20abc\" data-element_type=\"column\">\n\t\t\t<div class=\"elementor-widget-wrap elementor-element-populated\">\n\t\t\t\t\t\t<section class=\"elementor-section elementor-inner-section elementor-element elementor-element-2b6a420d elementor-section-boxed elementor-section-height-default elementor-section-height-default\" data-id=\"2b6a420d\" data-element_type=\"section\" data-settings=\"{&quot;background_background&quot;:&quot;classic&quot;}\">\n\t\t\t\t\t\t<div class=\"elementor-container elementor-column-gap-wider\">\n\t\t\t\t\t<div class=\"elementor-column elementor-col-100 elementor-inner-column elementor-element elementor-element-39946e26\" data-id=\"39946e26\" data-element_type=\"column\">\n\t\t\t<div class=\"elementor-widget-wrap elementor-element-populated\">\n\t\t\t\t\t\t<div class=\"elementor-element elementor-element-7240f9b9 elementor-widget elementor-widget-icon-box\" data-id=\"7240f9b9\" data-element_type=\"widget\" data-widget_type=\"icon-box.default\">\n\t\t\t\t<div class=\"elementor-widget-container\">\n\t\t\t\t\t\t\t<div class=\"elementor-icon-box-wrapper\">\n\n\t\t\t\n\t\t\t\t\t\t<div class=\"elementor-icon-box-content\">\n\n\t\t\t\t\t\t\t\t\t<h3 class=\"elementor-icon-box-title\">\n\t\t\t\t\t\t<span  >\n\t\t\t\t\t\t\tAli ima ta soba brezpla\u010den brez\u017ei\u010dni internet?\t\t\t\t\t\t<\/span>\n\t\t\t\t\t<\/h3>\n\t\t\t\t\n\t\t\t\t\t\t\t\t\t<p class=\"elementor-icon-box-description\">\n\t\t\t\t\t\tDa, vse na\u0161e sobe imajo brezpla\u010den brez\u017ei\u010dni internet. Med bivanjem pri nas lahko ostanete povezani s svetom. \t\t\t\t\t<\/p>\n\t\t\t\t\n\t\t\t<\/div>\n\t\t\t\n\t\t<\/div>\n\t\t\t\t\t\t<\/div>\n\t\t\t\t<\/div>\n\t\t\t\t\t<\/div>\n\t\t<\/div>\n\t\t\t\t\t<\/div>\n\t\t<\/section>\n\t\t\t\t\t<\/div>\n\t\t<\/div>\n\t\t\t\t\t<\/div>\n\t\t<\/section>\n\t\t\t\t<section class=\"elementor-section elementor-inner-section elementor-element elementor-element-6c717bc8 elementor-section-boxed elementor-section-height-default elementor-section-height-default\" data-id=\"6c717bc8\" data-element_type=\"section\">\n\t\t\t\t\t\t<div class=\"elementor-container elementor-column-gap-wider\">\n\t\t\t\t\t<div class=\"elementor-column elementor-col-50 elementor-inner-column elementor-element elementor-element-719569fe\" data-id=\"719569fe\" data-element_type=\"column\">\n\t\t\t<div class=\"elementor-widget-wrap elementor-element-populated\">\n\t\t\t\t\t\t<section class=\"elementor-section elementor-inner-section elementor-element elementor-element-4099f475 elementor-section-boxed elementor-section-height-default elementor-section-height-default\" data-id=\"4099f475\" data-element_type=\"section\" data-settings=\"{&quot;background_background&quot;:&quot;classic&quot;}\">\n\t\t\t\t\t\t<div class=\"elementor-container elementor-column-gap-wider\">\n\t\t\t\t\t<div class=\"elementor-column elementor-col-100 elementor-inner-column elementor-element elementor-element-5d1173cd\" data-id=\"5d1173cd\" data-element_type=\"column\">\n\t\t\t<div class=\"elementor-widget-wrap elementor-element-populated\">\n\t\t\t\t\t\t<div class=\"elementor-element elementor-element-3f4c31b0 elementor-widget elementor-widget-icon-box\" data-id=\"3f4c31b0\" data-element_type=\"widget\" data-widget_type=\"icon-box.default\">\n\t\t\t\t<div class=\"elementor-widget-container\">\n\t\t\t\t\t\t\t<div class=\"elementor-icon-box-wrapper\">\n\n\t\t\t\n\t\t\t\t\t\t<div class=\"elementor-icon-box-content\">\n\n\t\t\t\t\t\t\t\t\t<h3 class=\"elementor-icon-box-title\">\n\t\t\t\t\t\t<span  >\n\t\t\t\t\t\t\tAli je mogo\u010de zahtevati dodatno le\u017ei\u0161\u010de v sobi?\t\t\t\t\t\t<\/span>\n\t\t\t\t\t<\/h3>\n\t\t\t\t\n\t\t\t\t\t\t\t\t\t<p class=\"elementor-icon-box-description\">\n\t\t\t\t\t\tSeveda lahko v nekaterih tipih sob zagotovimo dodatna le\u017ei\u0161\u010da za dopla\u010dilo. Za ve\u010d podrobnosti se obrnite na na\u0161o ekipo za pomo\u010d strankam. \t\t\t\t\t<\/p>\n\t\t\t\t\n\t\t\t<\/div>\n\t\t\t\n\t\t<\/div>\n\t\t\t\t\t\t<\/div>\n\t\t\t\t<\/div>\n\t\t\t\t\t<\/div>\n\t\t<\/div>\n\t\t\t\t\t<\/div>\n\t\t<\/section>\n\t\t\t\t\t<\/div>\n\t\t<\/div>\n\t\t\t\t<div class=\"elementor-column elementor-col-50 elementor-inner-column elementor-element elementor-element-6b32e377\" data-id=\"6b32e377\" data-element_type=\"column\">\n\t\t\t<div class=\"elementor-widget-wrap elementor-element-populated\">\n\t\t\t\t\t\t<section class=\"elementor-section elementor-inner-section elementor-element elementor-element-65be5f01 elementor-section-boxed elementor-section-height-default elementor-section-height-default\" data-id=\"65be5f01\" data-element_type=\"section\" data-settings=\"{&quot;background_background&quot;:&quot;classic&quot;}\">\n\t\t\t\t\t\t<div class=\"elementor-container elementor-column-gap-wider\">\n\t\t\t\t\t<div class=\"elementor-column elementor-col-100 elementor-inner-column elementor-element elementor-element-7dc88229\" data-id=\"7dc88229\" data-element_type=\"column\">\n\t\t\t<div class=\"elementor-widget-wrap elementor-element-populated\">\n\t\t\t\t\t\t<div class=\"elementor-element elementor-element-16d21ef2 elementor-widget elementor-widget-icon-box\" data-id=\"16d21ef2\" data-element_type=\"widget\" data-widget_type=\"icon-box.default\">\n\t\t\t\t<div class=\"elementor-widget-container\">\n\t\t\t\t\t\t\t<div class=\"elementor-icon-box-wrapper\">\n\n\t\t\t\n\t\t\t\t\t\t<div class=\"elementor-icon-box-content\">\n\n\t\t\t\t\t\t\t\t\t<h3 class=\"elementor-icon-box-title\">\n\t\t\t\t\t\t<span  >\n\t\t\t\t\t\t\tKak\u0161na je politika odpovedi sob?\t\t\t\t\t\t<\/span>\n\t\t\t\t\t<\/h3>\n\t\t\t\t\n\t\t\t\t\t\t\t\t\t<p class=\"elementor-icon-box-description\">\n\t\t\t\t\t\tNa\u0161a politika odpovedi se razlikuje glede na vrsto cene in datum. Ve\u010d informacij lahko dobite ob rezervaciji sobe. \t\t\t\t\t<\/p>\n\t\t\t\t\n\t\t\t<\/div>\n\t\t\t\n\t\t<\/div>\n\t\t\t\t\t\t<\/div>\n\t\t\t\t<\/div>\n\t\t\t\t\t<\/div>\n\t\t<\/div>\n\t\t\t\t\t<\/div>\n\t\t<\/section>\n\t\t\t\t\t<\/div>\n\t\t<\/div>\n\t\t\t\t\t<\/div>\n\t\t<\/section>\n\t\t\t\t<section class=\"elementor-section elementor-inner-section elementor-element elementor-element-269b9366 elementor-section-boxed elementor-section-height-default elementor-section-height-default\" data-id=\"269b9366\" data-element_type=\"section\">\n\t\t\t\t\t\t<div class=\"elementor-container elementor-column-gap-wider\">\n\t\t\t\t\t<div class=\"elementor-column elementor-col-50 elementor-inner-column elementor-element elementor-element-438ddf6e\" data-id=\"438ddf6e\" data-element_type=\"column\">\n\t\t\t<div class=\"elementor-widget-wrap elementor-element-populated\">\n\t\t\t\t\t\t<section class=\"elementor-section elementor-inner-section elementor-element elementor-element-61be9b42 elementor-section-boxed elementor-section-height-default elementor-section-height-default\" data-id=\"61be9b42\" data-element_type=\"section\" data-settings=\"{&quot;background_background&quot;:&quot;classic&quot;}\">\n\t\t\t\t\t\t<div class=\"elementor-container elementor-column-gap-wider\">\n\t\t\t\t\t<div class=\"elementor-column elementor-col-100 elementor-inner-column elementor-element elementor-element-78deddd5\" data-id=\"78deddd5\" data-element_type=\"column\">\n\t\t\t<div class=\"elementor-widget-wrap elementor-element-populated\">\n\t\t\t\t\t\t<div class=\"elementor-element elementor-element-329550f6 elementor-widget elementor-widget-icon-box\" data-id=\"329550f6\" data-element_type=\"widget\" data-widget_type=\"icon-box.default\">\n\t\t\t\t<div class=\"elementor-widget-container\">\n\t\t\t\t\t\t\t<div class=\"elementor-icon-box-wrapper\">\n\n\t\t\t\n\t\t\t\t\t\t<div class=\"elementor-icon-box-content\">\n\n\t\t\t\t\t\t\t\t\t<h3 class=\"elementor-icon-box-title\">\n\t\t\t\t\t\t<span  >\n\t\t\t\t\t\t\tJe prostor za hi\u0161ne ljubljen\u010dke?\t\t\t\t\t\t<\/span>\n\t\t\t\t\t<\/h3>\n\t\t\t\t\n\t\t\t\t\t\t\t\t\t<p class=\"elementor-icon-box-description\">\n\t\t\t\t\t\tV dolo\u010denih sobah so dovoljeni dolo\u010deni hi\u0161ni ljubljen\u010dki. Vendar je treba to urediti vnaprej in lahko vklju\u010duje dodatno pla\u010dilo. \t\t\t\t\t<\/p>\n\t\t\t\t\n\t\t\t<\/div>\n\t\t\t\n\t\t<\/div>\n\t\t\t\t\t\t<\/div>\n\t\t\t\t<\/div>\n\t\t\t\t\t<\/div>\n\t\t<\/div>\n\t\t\t\t\t<\/div>\n\t\t<\/section>\n\t\t\t\t\t<\/div>\n\t\t<\/div>\n\t\t\t\t<div class=\"elementor-column elementor-col-50 elementor-inner-column elementor-element elementor-element-37ba51c8\" data-id=\"37ba51c8\" data-element_type=\"column\">\n\t\t\t<div class=\"elementor-widget-wrap elementor-element-populated\">\n\t\t\t\t\t\t<section class=\"elementor-section elementor-inner-section elementor-element elementor-element-488ab4c9 elementor-section-boxed elementor-section-height-default elementor-section-height-default\" data-id=\"488ab4c9\" data-element_type=\"section\" data-settings=\"{&quot;background_background&quot;:&quot;classic&quot;}\">\n\t\t\t\t\t\t<div class=\"elementor-container elementor-column-gap-wider\">\n\t\t\t\t\t<div class=\"elementor-column elementor-col-100 elementor-inner-column elementor-element elementor-element-26163e83\" data-id=\"26163e83\" data-element_type=\"column\">\n\t\t\t<div class=\"elementor-widget-wrap elementor-element-populated\">\n\t\t\t\t\t\t<div class=\"elementor-element elementor-element-3557e56 elementor-widget elementor-widget-icon-box\" data-id=\"3557e56\" data-element_type=\"widget\" data-widget_type=\"icon-box.default\">\n\t\t\t\t<div class=\"elementor-widget-container\">\n\t\t\t\t\t\t\t<div class=\"elementor-icon-box-wrapper\">\n\n\t\t\t\n\t\t\t\t\t\t<div class=\"elementor-icon-box-content\">\n\n\t\t\t\t\t\t\t\t\t<h3 class=\"elementor-icon-box-title\">\n\t\t\t\t\t\t<span  >\n\t\t\t\t\t\t\tAli je sobna postre\u017eba na voljo 24 ur na dan, 7 dni v tednu?\t\t\t\t\t\t<\/span>\n\t\t\t\t\t<\/h3>\n\t\t\t\t\n\t\t\t\t\t\t\t\t\t<p class=\"elementor-icon-box-description\">\n\t\t\t\t\t\tDa, nudimo 24-urno sobno postre\u017ebo, tako da lahko u\u017eivate v obrokih ali pija\u010dah kadar koli, tudi sredi no\u010di.\t\t\t\t\t<\/p>\n\t\t\t\t\n\t\t\t<\/div>\n\t\t\t\n\t\t<\/div>\n\t\t\t\t\t\t<\/div>\n\t\t\t\t<\/div>\n\t\t\t\t\t<\/div>\n\t\t<\/div>\n\t\t\t\t\t<\/div>\n\t\t<\/section>\n\t\t\t\t\t<\/div>\n\t\t<\/div>\n\t\t\t\t\t<\/div>\n\t\t<\/section>\n\t\t\t\t\t<\/div>\n\t\t<\/div>\n\t\t\t\t\t<\/div>\n\t\t<\/section>\n\t\t\t\t<\/div>\n\t\t","protected":false},"excerpt":{"rendered":"<p>O sobi Poi\u0161\u010dite odgovore na svoja vpra\u0161anja tukaj Je zajtrk vklju\u010den v ceno sobe? Zajtrk ni vklju\u010den v standardno ceno sobe. Vendar pa ponujamo zajtrk z dopla\u010dilom. Ali ima ta soba brezpla\u010den brez\u017ei\u010dni internet? Da, vse na\u0161e sobe imajo brezpla\u010den brez\u017ei\u010dni internet. Med bivanjem pri nas lahko ostanete povezani s svetom. Ali je mogo\u010de zahtevati [&hellip;]<\/p>\n","protected":false},"author":1,"featured_media":0,"parent":0,"menu_order":0,"comment_status":"closed","ping_status":"closed","template":"","meta":{"_acf_changed":false,"footnotes":""},"class_list":["post-2004","page","type-page","status-publish","hentry"],"acf":[],"yoast_head":"<!-- This site is optimized with the Yoast SEO plugin v26.0 - https:\/\/yoast.com\/wordpress\/plugins\/seo\/ -->\n<title>Pogosta vpra\u0161anja - HerMes ArT<\/title>\n<meta name=\"description\" content=\"Poi\u0161\u010dite odgovore na pogosta vpra\u0161anja o na\u0161ih vilah in apartmajih. Spoznajte Wi-Fi, zajtrk, hi\u0161ne ljubljen\u010dke, dodatne postelje, odpovedi in 24\/7 sobno stre\u017ebo.\" \/>\n<meta name=\"robots\" content=\"index, follow, max-snippet:-1, max-image-preview:large, max-video-preview:-1\" \/>\n<link rel=\"canonical\" href=\"https:\/\/hermesart.si\/sl\/pogosta-vprasanja\/\" \/>\n<meta property=\"og:locale\" content=\"sl_SI\" \/>\n<meta property=\"og:type\" content=\"article\" \/>\n<meta property=\"og:title\" content=\"Pogosta vpra\u0161anja - HerMes ArT\" \/>\n<meta property=\"og:description\" content=\"Poi\u0161\u010dite odgovore na pogosta vpra\u0161anja o na\u0161ih vilah in apartmajih. Spoznajte Wi-Fi, zajtrk, hi\u0161ne ljubljen\u010dke, dodatne postelje, odpovedi in 24\/7 sobno stre\u017ebo.\" \/>\n<meta property=\"og:url\" content=\"https:\/\/hermesart.si\/sl\/pogosta-vprasanja\/\" \/>\n<meta property=\"og:site_name\" content=\"HerMes ArT\" \/>\n<meta property=\"article:modified_time\" content=\"2025-09-28T22:40:55+00:00\" \/>\n<meta name=\"twitter:card\" content=\"summary_large_image\" \/>\n<meta name=\"twitter:label1\" content=\"Est. reading time\" \/>\n\t<meta name=\"twitter:data1\" content=\"1 minuta\" \/>\n<script type=\"application\/ld+json\" class=\"yoast-schema-graph\">{\"@context\":\"https:\/\/schema.org\",\"@graph\":[{\"@type\":\"WebPage\",\"@id\":\"https:\/\/hermesart.si\/sl\/pogosta-vprasanja\/\",\"url\":\"https:\/\/hermesart.si\/sl\/pogosta-vprasanja\/\",\"name\":\"Pogosta vpra\u0161anja - HerMes ArT\",\"isPartOf\":{\"@id\":\"https:\/\/hermesart.si\/sl\/#website\"},\"datePublished\":\"2024-08-28T20:36:23+00:00\",\"dateModified\":\"2025-09-28T22:40:55+00:00\",\"description\":\"Poi\u0161\u010dite odgovore na pogosta vpra\u0161anja o na\u0161ih vilah in apartmajih. Spoznajte Wi-Fi, zajtrk, hi\u0161ne ljubljen\u010dke, dodatne postelje, odpovedi in 24\/7 sobno stre\u017ebo.\",\"breadcrumb\":{\"@id\":\"https:\/\/hermesart.si\/sl\/pogosta-vprasanja\/#breadcrumb\"},\"inLanguage\":\"sl-SI\",\"potentialAction\":[{\"@type\":\"ReadAction\",\"target\":[\"https:\/\/hermesart.si\/sl\/pogosta-vprasanja\/\"]}]},{\"@type\":\"BreadcrumbList\",\"@id\":\"https:\/\/hermesart.si\/sl\/pogosta-vprasanja\/#breadcrumb\",\"itemListElement\":[{\"@type\":\"ListItem\",\"position\":1,\"name\":\"Domov\",\"item\":\"https:\/\/hermesart.si\/sl\/domov\/\"},{\"@type\":\"ListItem\",\"position\":2,\"name\":\"Pogosta vpra\u0161anja\"}]},{\"@type\":\"WebSite\",\"@id\":\"https:\/\/hermesart.si\/sl\/#website\",\"url\":\"https:\/\/hermesart.si\/sl\/\",\"name\":\"HerMes ArT\",\"description\":\"Villas &amp; Apartments in Slovenia, Italy &amp; Croatia\",\"publisher\":{\"@id\":\"https:\/\/hermesart.si\/sl\/#organization\"},\"potentialAction\":[{\"@type\":\"SearchAction\",\"target\":{\"@type\":\"EntryPoint\",\"urlTemplate\":\"https:\/\/hermesart.si\/sl\/?s={search_term_string}\"},\"query-input\":{\"@type\":\"PropertyValueSpecification\",\"valueRequired\":true,\"valueName\":\"search_term_string\"}}],\"inLanguage\":\"sl-SI\"},{\"@type\":\"Organization\",\"@id\":\"https:\/\/hermesart.si\/sl\/#organization\",\"name\":\"HerMes ArT\",\"url\":\"https:\/\/hermesart.si\/sl\/\",\"logo\":{\"@type\":\"ImageObject\",\"inLanguage\":\"sl-SI\",\"@id\":\"https:\/\/hermesart.si\/sl\/#\/schema\/logo\/image\/\",\"url\":\"https:\/\/hermesart.si\/wp-content\/uploads\/2024\/08\/HerMes-arT-Logo-transaprent.png\",\"contentUrl\":\"https:\/\/hermesart.si\/wp-content\/uploads\/2024\/08\/HerMes-arT-Logo-transaprent.png\",\"width\":508,\"height\":374,\"caption\":\"HerMes ArT\"},\"image\":{\"@id\":\"https:\/\/hermesart.si\/sl\/#\/schema\/logo\/image\/\"}}]}<\/script>\n<!-- \/ Yoast SEO plugin. -->","yoast_head_json":{"title":"Pogosta vpra\u0161anja - HerMes ArT","description":"Poi\u0161\u010dite odgovore na pogosta vpra\u0161anja o na\u0161ih vilah in apartmajih. Spoznajte Wi-Fi, zajtrk, hi\u0161ne ljubljen\u010dke, dodatne postelje, odpovedi in 24\/7 sobno stre\u017ebo.","robots":{"index":"index","follow":"follow","max-snippet":"max-snippet:-1","max-image-preview":"max-image-preview:large","max-video-preview":"max-video-preview:-1"},"canonical":"https:\/\/hermesart.si\/sl\/pogosta-vprasanja\/","og_locale":"sl_SI","og_type":"article","og_title":"Pogosta vpra\u0161anja - HerMes ArT","og_description":"Poi\u0161\u010dite odgovore na pogosta vpra\u0161anja o na\u0161ih vilah in apartmajih. Spoznajte Wi-Fi, zajtrk, hi\u0161ne ljubljen\u010dke, dodatne postelje, odpovedi in 24\/7 sobno stre\u017ebo.","og_url":"https:\/\/hermesart.si\/sl\/pogosta-vprasanja\/","og_site_name":"HerMes ArT","article_modified_time":"2025-09-28T22:40:55+00:00","twitter_card":"summary_large_image","twitter_misc":{"Est. reading time":"1 minuta"},"schema":{"@context":"https:\/\/schema.org","@graph":[{"@type":"WebPage","@id":"https:\/\/hermesart.si\/sl\/pogosta-vprasanja\/","url":"https:\/\/hermesart.si\/sl\/pogosta-vprasanja\/","name":"Pogosta vpra\u0161anja - HerMes ArT","isPartOf":{"@id":"https:\/\/hermesart.si\/sl\/#website"},"datePublished":"2024-08-28T20:36:23+00:00","dateModified":"2025-09-28T22:40:55+00:00","description":"Poi\u0161\u010dite odgovore na pogosta vpra\u0161anja o na\u0161ih vilah in apartmajih. Spoznajte Wi-Fi, zajtrk, hi\u0161ne ljubljen\u010dke, dodatne postelje, odpovedi in 24\/7 sobno stre\u017ebo.","breadcrumb":{"@id":"https:\/\/hermesart.si\/sl\/pogosta-vprasanja\/#breadcrumb"},"inLanguage":"sl-SI","potentialAction":[{"@type":"ReadAction","target":["https:\/\/hermesart.si\/sl\/pogosta-vprasanja\/"]}]},{"@type":"BreadcrumbList","@id":"https:\/\/hermesart.si\/sl\/pogosta-vprasanja\/#breadcrumb","itemListElement":[{"@type":"ListItem","position":1,"name":"Domov","item":"https:\/\/hermesart.si\/sl\/domov\/"},{"@type":"ListItem","position":2,"name":"Pogosta vpra\u0161anja"}]},{"@type":"WebSite","@id":"https:\/\/hermesart.si\/sl\/#website","url":"https:\/\/hermesart.si\/sl\/","name":"HerMes ArT","description":"Villas &amp; Apartments in Slovenia, Italy &amp; Croatia","publisher":{"@id":"https:\/\/hermesart.si\/sl\/#organization"},"potentialAction":[{"@type":"SearchAction","target":{"@type":"EntryPoint","urlTemplate":"https:\/\/hermesart.si\/sl\/?s={search_term_string}"},"query-input":{"@type":"PropertyValueSpecification","valueRequired":true,"valueName":"search_term_string"}}],"inLanguage":"sl-SI"},{"@type":"Organization","@id":"https:\/\/hermesart.si\/sl\/#organization","name":"HerMes ArT","url":"https:\/\/hermesart.si\/sl\/","logo":{"@type":"ImageObject","inLanguage":"sl-SI","@id":"https:\/\/hermesart.si\/sl\/#\/schema\/logo\/image\/","url":"https:\/\/hermesart.si\/wp-content\/uploads\/2024\/08\/HerMes-arT-Logo-transaprent.png","contentUrl":"https:\/\/hermesart.si\/wp-content\/uploads\/2024\/08\/HerMes-arT-Logo-transaprent.png","width":508,"height":374,"caption":"HerMes ArT"},"image":{"@id":"https:\/\/hermesart.si\/sl\/#\/schema\/logo\/image\/"}}]}},"_links":{"self":[{"href":"https:\/\/hermesart.si\/sl\/wp-json\/wp\/v2\/pages\/2004","targetHints":{"allow":["GET"]}}],"collection":[{"href":"https:\/\/hermesart.si\/sl\/wp-json\/wp\/v2\/pages"}],"about":[{"href":"https:\/\/hermesart.si\/sl\/wp-json\/wp\/v2\/types\/page"}],"author":[{"embeddable":true,"href":"https:\/\/hermesart.si\/sl\/wp-json\/wp\/v2\/users\/1"}],"replies":[{"embeddable":true,"href":"https:\/\/hermesart.si\/sl\/wp-json\/wp\/v2\/comments?post=2004"}],"version-history":[{"count":1,"href":"https:\/\/hermesart.si\/sl\/wp-json\/wp\/v2\/pages\/2004\/revisions"}],"predecessor-version":[{"id":2138,"href":"https:\/\/hermesart.si\/sl\/wp-json\/wp\/v2\/pages\/2004\/revisions\/2138"}],"wp:attachment":[{"href":"https:\/\/hermesart.si\/sl\/wp-json\/wp\/v2\/media?parent=2004"}],"curies":[{"name":"wp","href":"https:\/\/api.w.org\/{rel}","templated":true}]}}