{"id":2158,"date":"2024-08-28T20:36:23","date_gmt":"2024-08-28T20:36:23","guid":{"rendered":"https:\/\/hermesart.si\/faq\/"},"modified":"2025-09-28T23:01:14","modified_gmt":"2025-09-28T23:01:14","slug":"faq","status":"publish","type":"page","link":"https:\/\/hermesart.si\/de\/faq\/","title":{"rendered":"FAQ"},"content":{"rendered":"\t\t<div data-elementor-type=\"wp-page\" data-elementor-id=\"2158\" class=\"elementor elementor-2158 elementor-331\" data-elementor-post-type=\"page\">\n\t\t\t\t\t\t<section class=\"elementor-section elementor-top-section elementor-element elementor-element-8e288b8 elementor-section-height-min-height elementor-section-boxed elementor-section-height-default elementor-section-items-middle\" data-id=\"8e288b8\" data-element_type=\"section\" data-settings=\"{&quot;background_background&quot;:&quot;classic&quot;}\">\n\t\t\t\t\t\t<div class=\"elementor-container elementor-column-gap-wider\">\n\t\t\t\t\t<div class=\"elementor-column elementor-col-100 elementor-top-column elementor-element elementor-element-3b26d05b\" data-id=\"3b26d05b\" data-element_type=\"column\">\n\t\t\t<div class=\"elementor-widget-wrap elementor-element-populated\">\n\t\t\t\t\t\t\t<\/div>\n\t\t<\/div>\n\t\t\t\t\t<\/div>\n\t\t<\/section>\n\t\t\t\t<section class=\"elementor-section elementor-top-section elementor-element elementor-element-4497eea3 elementor-section-boxed elementor-section-height-default elementor-section-height-default\" data-id=\"4497eea3\" data-element_type=\"section\">\n\t\t\t\t\t\t<div class=\"elementor-container elementor-column-gap-wider\">\n\t\t\t\t\t<div class=\"elementor-column elementor-col-100 elementor-top-column elementor-element elementor-element-3b1e9b76\" data-id=\"3b1e9b76\" data-element_type=\"column\">\n\t\t\t<div class=\"elementor-widget-wrap elementor-element-populated\">\n\t\t\t\t\t\t<section class=\"elementor-section elementor-inner-section elementor-element elementor-element-2ea1167e elementor-section-boxed elementor-section-height-default elementor-section-height-default\" data-id=\"2ea1167e\" data-element_type=\"section\">\n\t\t\t\t\t\t<div class=\"elementor-container elementor-column-gap-no\">\n\t\t\t\t\t<div class=\"elementor-column elementor-col-100 elementor-inner-column elementor-element elementor-element-37215f89\" data-id=\"37215f89\" data-element_type=\"column\">\n\t\t\t<div class=\"elementor-widget-wrap elementor-element-populated\">\n\t\t\t\t\t\t<div class=\"elementor-element elementor-element-623c3e2a elementor-widget elementor-widget-heading\" data-id=\"623c3e2a\" data-element_type=\"widget\" data-widget_type=\"heading.default\">\n\t\t\t\t<div class=\"elementor-widget-container\">\n\t\t\t\t\t<h2 class=\"elementor-heading-title elementor-size-default\">\u00dcber Zimmer<\/h2>\t\t\t\t<\/div>\n\t\t\t\t<\/div>\n\t\t\t\t<div class=\"elementor-element elementor-element-42235ef7 elementor-widget__width-initial elementor-widget elementor-widget-heading\" data-id=\"42235ef7\" data-element_type=\"widget\" data-widget_type=\"heading.default\">\n\t\t\t\t<div class=\"elementor-widget-container\">\n\t\t\t\t\t<h2 class=\"elementor-heading-title elementor-size-default\">Hier finden Sie Antworten auf Ihre Fragen<\/h2>\t\t\t\t<\/div>\n\t\t\t\t<\/div>\n\t\t\t\t\t<\/div>\n\t\t<\/div>\n\t\t\t\t\t<\/div>\n\t\t<\/section>\n\t\t\t\t<section class=\"elementor-section elementor-inner-section elementor-element elementor-element-687cc90e elementor-section-boxed elementor-section-height-default elementor-section-height-default\" data-id=\"687cc90e\" data-element_type=\"section\">\n\t\t\t\t\t\t<div class=\"elementor-container elementor-column-gap-wider\">\n\t\t\t\t\t<div class=\"elementor-column elementor-col-50 elementor-inner-column elementor-element elementor-element-5e0f726e\" data-id=\"5e0f726e\" data-element_type=\"column\">\n\t\t\t<div class=\"elementor-widget-wrap elementor-element-populated\">\n\t\t\t\t\t\t<section class=\"elementor-section elementor-inner-section elementor-element elementor-element-5c11bca9 elementor-section-boxed elementor-section-height-default elementor-section-height-default\" data-id=\"5c11bca9\" data-element_type=\"section\" data-settings=\"{&quot;background_background&quot;:&quot;classic&quot;}\">\n\t\t\t\t\t\t<div class=\"elementor-container elementor-column-gap-wider\">\n\t\t\t\t\t<div class=\"elementor-column elementor-col-100 elementor-inner-column elementor-element elementor-element-3c922251\" data-id=\"3c922251\" data-element_type=\"column\">\n\t\t\t<div class=\"elementor-widget-wrap elementor-element-populated\">\n\t\t\t\t\t\t<div class=\"elementor-element elementor-element-76c9b4ca elementor-widget elementor-widget-icon-box\" data-id=\"76c9b4ca\" data-element_type=\"widget\" data-widget_type=\"icon-box.default\">\n\t\t\t\t<div class=\"elementor-widget-container\">\n\t\t\t\t\t\t\t<div class=\"elementor-icon-box-wrapper\">\n\n\t\t\t\n\t\t\t\t\t\t<div class=\"elementor-icon-box-content\">\n\n\t\t\t\t\t\t\t\t\t<h3 class=\"elementor-icon-box-title\">\n\t\t\t\t\t\t<span  >\n\t\t\t\t\t\t\tIst das Fr\u00fchst\u00fcck im Zimmerpreis inbegriffen?\t\t\t\t\t\t<\/span>\n\t\t\t\t\t<\/h3>\n\t\t\t\t\n\t\t\t\t\t\t\t\t\t<p class=\"elementor-icon-box-description\">\n\t\t\t\t\t\tDas Fr\u00fchst\u00fcck ist nicht im Standardzimmerpreis inbegriffen. Wir bieten jedoch Fr\u00fchst\u00fccksoptionen gegen Aufpreis an. \t\t\t\t\t<\/p>\n\t\t\t\t\n\t\t\t<\/div>\n\t\t\t\n\t\t<\/div>\n\t\t\t\t\t\t<\/div>\n\t\t\t\t<\/div>\n\t\t\t\t\t<\/div>\n\t\t<\/div>\n\t\t\t\t\t<\/div>\n\t\t<\/section>\n\t\t\t\t\t<\/div>\n\t\t<\/div>\n\t\t\t\t<div class=\"elementor-column elementor-col-50 elementor-inner-column elementor-element elementor-element-7ea20abc\" data-id=\"7ea20abc\" data-element_type=\"column\">\n\t\t\t<div class=\"elementor-widget-wrap elementor-element-populated\">\n\t\t\t\t\t\t<section class=\"elementor-section elementor-inner-section elementor-element elementor-element-2b6a420d elementor-section-boxed elementor-section-height-default elementor-section-height-default\" data-id=\"2b6a420d\" data-element_type=\"section\" data-settings=\"{&quot;background_background&quot;:&quot;classic&quot;}\">\n\t\t\t\t\t\t<div class=\"elementor-container elementor-column-gap-wider\">\n\t\t\t\t\t<div class=\"elementor-column elementor-col-100 elementor-inner-column elementor-element elementor-element-39946e26\" data-id=\"39946e26\" data-element_type=\"column\">\n\t\t\t<div class=\"elementor-widget-wrap elementor-element-populated\">\n\t\t\t\t\t\t<div class=\"elementor-element elementor-element-7240f9b9 elementor-widget elementor-widget-icon-box\" data-id=\"7240f9b9\" data-element_type=\"widget\" data-widget_type=\"icon-box.default\">\n\t\t\t\t<div class=\"elementor-widget-container\">\n\t\t\t\t\t\t\t<div class=\"elementor-icon-box-wrapper\">\n\n\t\t\t\n\t\t\t\t\t\t<div class=\"elementor-icon-box-content\">\n\n\t\t\t\t\t\t\t\t\t<h3 class=\"elementor-icon-box-title\">\n\t\t\t\t\t\t<span  >\n\t\t\t\t\t\t\tVerf\u00fcgt dieses Zimmer \u00fcber kostenlosen WLAN-Zugang?\t\t\t\t\t\t<\/span>\n\t\t\t\t\t<\/h3>\n\t\t\t\t\n\t\t\t\t\t\t\t\t\t<p class=\"elementor-icon-box-description\">\n\t\t\t\t\t\tJa, alle unsere Zimmer verf\u00fcgen \u00fcber kostenlosen WLAN-Zugang. So bleiben Sie w\u00e4hrend Ihres Aufenthalts bei uns mit der Welt verbunden. \t\t\t\t\t<\/p>\n\t\t\t\t\n\t\t\t<\/div>\n\t\t\t\n\t\t<\/div>\n\t\t\t\t\t\t<\/div>\n\t\t\t\t<\/div>\n\t\t\t\t\t<\/div>\n\t\t<\/div>\n\t\t\t\t\t<\/div>\n\t\t<\/section>\n\t\t\t\t\t<\/div>\n\t\t<\/div>\n\t\t\t\t\t<\/div>\n\t\t<\/section>\n\t\t\t\t<section class=\"elementor-section elementor-inner-section elementor-element elementor-element-6c717bc8 elementor-section-boxed elementor-section-height-default elementor-section-height-default\" data-id=\"6c717bc8\" data-element_type=\"section\">\n\t\t\t\t\t\t<div class=\"elementor-container elementor-column-gap-wider\">\n\t\t\t\t\t<div class=\"elementor-column elementor-col-50 elementor-inner-column elementor-element elementor-element-719569fe\" data-id=\"719569fe\" data-element_type=\"column\">\n\t\t\t<div class=\"elementor-widget-wrap elementor-element-populated\">\n\t\t\t\t\t\t<section class=\"elementor-section elementor-inner-section elementor-element elementor-element-4099f475 elementor-section-boxed elementor-section-height-default elementor-section-height-default\" data-id=\"4099f475\" data-element_type=\"section\" data-settings=\"{&quot;background_background&quot;:&quot;classic&quot;}\">\n\t\t\t\t\t\t<div class=\"elementor-container elementor-column-gap-wider\">\n\t\t\t\t\t<div class=\"elementor-column elementor-col-100 elementor-inner-column elementor-element elementor-element-5d1173cd\" data-id=\"5d1173cd\" data-element_type=\"column\">\n\t\t\t<div class=\"elementor-widget-wrap elementor-element-populated\">\n\t\t\t\t\t\t<div class=\"elementor-element elementor-element-3f4c31b0 elementor-widget elementor-widget-icon-box\" data-id=\"3f4c31b0\" data-element_type=\"widget\" data-widget_type=\"icon-box.default\">\n\t\t\t\t<div class=\"elementor-widget-container\">\n\t\t\t\t\t\t\t<div class=\"elementor-icon-box-wrapper\">\n\n\t\t\t\n\t\t\t\t\t\t<div class=\"elementor-icon-box-content\">\n\n\t\t\t\t\t\t\t\t\t<h3 class=\"elementor-icon-box-title\">\n\t\t\t\t\t\t<span  >\n\t\t\t\t\t\t\tIst es m\u00f6glich, ein Zustellbett im Zimmer anzufordern?\t\t\t\t\t\t<\/span>\n\t\t\t\t\t<\/h3>\n\t\t\t\t\n\t\t\t\t\t\t\t\t\t<p class=\"elementor-icon-box-description\">\n\t\t\t\t\t\tSelbstverst\u00e4ndlich k\u00f6nnen wir in einigen Zimmerkategorien gegen Aufpreis Zustellbetten bereitstellen. F\u00fcr weitere Informationen wenden Sie sich bitte an unseren Kundenservice. \t\t\t\t\t<\/p>\n\t\t\t\t\n\t\t\t<\/div>\n\t\t\t\n\t\t<\/div>\n\t\t\t\t\t\t<\/div>\n\t\t\t\t<\/div>\n\t\t\t\t\t<\/div>\n\t\t<\/div>\n\t\t\t\t\t<\/div>\n\t\t<\/section>\n\t\t\t\t\t<\/div>\n\t\t<\/div>\n\t\t\t\t<div class=\"elementor-column elementor-col-50 elementor-inner-column elementor-element elementor-element-6b32e377\" data-id=\"6b32e377\" data-element_type=\"column\">\n\t\t\t<div class=\"elementor-widget-wrap elementor-element-populated\">\n\t\t\t\t\t\t<section class=\"elementor-section elementor-inner-section elementor-element elementor-element-65be5f01 elementor-section-boxed elementor-section-height-default elementor-section-height-default\" data-id=\"65be5f01\" data-element_type=\"section\" data-settings=\"{&quot;background_background&quot;:&quot;classic&quot;}\">\n\t\t\t\t\t\t<div class=\"elementor-container elementor-column-gap-wider\">\n\t\t\t\t\t<div class=\"elementor-column elementor-col-100 elementor-inner-column elementor-element elementor-element-7dc88229\" data-id=\"7dc88229\" data-element_type=\"column\">\n\t\t\t<div class=\"elementor-widget-wrap elementor-element-populated\">\n\t\t\t\t\t\t<div class=\"elementor-element elementor-element-16d21ef2 elementor-widget elementor-widget-icon-box\" data-id=\"16d21ef2\" data-element_type=\"widget\" data-widget_type=\"icon-box.default\">\n\t\t\t\t<div class=\"elementor-widget-container\">\n\t\t\t\t\t\t\t<div class=\"elementor-icon-box-wrapper\">\n\n\t\t\t\n\t\t\t\t\t\t<div class=\"elementor-icon-box-content\">\n\n\t\t\t\t\t\t\t\t\t<h3 class=\"elementor-icon-box-title\">\n\t\t\t\t\t\t<span  >\n\t\t\t\t\t\t\tWelche Stornierungsbedingungen gelten f\u00fcr Zimmer?\t\t\t\t\t\t<\/span>\n\t\t\t\t\t<\/h3>\n\t\t\t\t\n\t\t\t\t\t\t\t\t\t<p class=\"elementor-icon-box-description\">\n\t\t\t\t\t\tUnsere Stornierungsbedingungen variieren je nach Tarifart und Datum. Weitere Informationen finden Sie bei Ihrer Zimmerreservierung. \t\t\t\t\t<\/p>\n\t\t\t\t\n\t\t\t<\/div>\n\t\t\t\n\t\t<\/div>\n\t\t\t\t\t\t<\/div>\n\t\t\t\t<\/div>\n\t\t\t\t\t<\/div>\n\t\t<\/div>\n\t\t\t\t\t<\/div>\n\t\t<\/section>\n\t\t\t\t\t<\/div>\n\t\t<\/div>\n\t\t\t\t\t<\/div>\n\t\t<\/section>\n\t\t\t\t<section class=\"elementor-section elementor-inner-section elementor-element elementor-element-269b9366 elementor-section-boxed elementor-section-height-default elementor-section-height-default\" data-id=\"269b9366\" data-element_type=\"section\">\n\t\t\t\t\t\t<div class=\"elementor-container elementor-column-gap-wider\">\n\t\t\t\t\t<div class=\"elementor-column elementor-col-50 elementor-inner-column elementor-element elementor-element-438ddf6e\" data-id=\"438ddf6e\" data-element_type=\"column\">\n\t\t\t<div class=\"elementor-widget-wrap elementor-element-populated\">\n\t\t\t\t\t\t<section class=\"elementor-section elementor-inner-section elementor-element elementor-element-61be9b42 elementor-section-boxed elementor-section-height-default elementor-section-height-default\" data-id=\"61be9b42\" data-element_type=\"section\" data-settings=\"{&quot;background_background&quot;:&quot;classic&quot;}\">\n\t\t\t\t\t\t<div class=\"elementor-container elementor-column-gap-wider\">\n\t\t\t\t\t<div class=\"elementor-column elementor-col-100 elementor-inner-column elementor-element elementor-element-78deddd5\" data-id=\"78deddd5\" data-element_type=\"column\">\n\t\t\t<div class=\"elementor-widget-wrap elementor-element-populated\">\n\t\t\t\t\t\t<div class=\"elementor-element elementor-element-329550f6 elementor-widget elementor-widget-icon-box\" data-id=\"329550f6\" data-element_type=\"widget\" data-widget_type=\"icon-box.default\">\n\t\t\t\t<div class=\"elementor-widget-container\">\n\t\t\t\t\t\t\t<div class=\"elementor-icon-box-wrapper\">\n\n\t\t\t\n\t\t\t\t\t\t<div class=\"elementor-icon-box-content\">\n\n\t\t\t\t\t\t\t\t\t<h3 class=\"elementor-icon-box-title\">\n\t\t\t\t\t\t<span  >\n\t\t\t\t\t\t\tGibt es Platz f\u00fcr Haustiere?\t\t\t\t\t\t<\/span>\n\t\t\t\t\t<\/h3>\n\t\t\t\t\n\t\t\t\t\t\t\t\t\t<p class=\"elementor-icon-box-description\">\n\t\t\t\t\t\tWir erlauben bestimmte Haustiere in bestimmten Zimmern. Dies muss jedoch im Voraus vereinbart werden und kann mit einer zus\u00e4tzlichen Geb\u00fchr verbunden sein. \t\t\t\t\t<\/p>\n\t\t\t\t\n\t\t\t<\/div>\n\t\t\t\n\t\t<\/div>\n\t\t\t\t\t\t<\/div>\n\t\t\t\t<\/div>\n\t\t\t\t\t<\/div>\n\t\t<\/div>\n\t\t\t\t\t<\/div>\n\t\t<\/section>\n\t\t\t\t\t<\/div>\n\t\t<\/div>\n\t\t\t\t<div class=\"elementor-column elementor-col-50 elementor-inner-column elementor-element elementor-element-37ba51c8\" data-id=\"37ba51c8\" data-element_type=\"column\">\n\t\t\t<div class=\"elementor-widget-wrap elementor-element-populated\">\n\t\t\t\t\t\t<section class=\"elementor-section elementor-inner-section elementor-element elementor-element-488ab4c9 elementor-section-boxed elementor-section-height-default elementor-section-height-default\" data-id=\"488ab4c9\" data-element_type=\"section\" data-settings=\"{&quot;background_background&quot;:&quot;classic&quot;}\">\n\t\t\t\t\t\t<div class=\"elementor-container elementor-column-gap-wider\">\n\t\t\t\t\t<div class=\"elementor-column elementor-col-100 elementor-inner-column elementor-element elementor-element-26163e83\" data-id=\"26163e83\" data-element_type=\"column\">\n\t\t\t<div class=\"elementor-widget-wrap elementor-element-populated\">\n\t\t\t\t\t\t<div class=\"elementor-element elementor-element-3557e56 elementor-widget elementor-widget-icon-box\" data-id=\"3557e56\" data-element_type=\"widget\" data-widget_type=\"icon-box.default\">\n\t\t\t\t<div class=\"elementor-widget-container\">\n\t\t\t\t\t\t\t<div class=\"elementor-icon-box-wrapper\">\n\n\t\t\t\n\t\t\t\t\t\t<div class=\"elementor-icon-box-content\">\n\n\t\t\t\t\t\t\t\t\t<h3 class=\"elementor-icon-box-title\">\n\t\t\t\t\t\t<span  >\n\t\t\t\t\t\t\tGibt es rund um die Uhr einen Zimmerservice?\t\t\t\t\t\t<\/span>\n\t\t\t\t\t<\/h3>\n\t\t\t\t\n\t\t\t\t\t\t\t\t\t<p class=\"elementor-icon-box-description\">\n\t\t\t\t\t\tJa, wir bieten einen 24-Stunden-Zimmerservice, sodass Sie jederzeit, sogar mitten in der Nacht, Mahlzeiten oder Getr\u00e4nke genie\u00dfen k\u00f6nnen.\t\t\t\t\t<\/p>\n\t\t\t\t\n\t\t\t<\/div>\n\t\t\t\n\t\t<\/div>\n\t\t\t\t\t\t<\/div>\n\t\t\t\t<\/div>\n\t\t\t\t\t<\/div>\n\t\t<\/div>\n\t\t\t\t\t<\/div>\n\t\t<\/section>\n\t\t\t\t\t<\/div>\n\t\t<\/div>\n\t\t\t\t\t<\/div>\n\t\t<\/section>\n\t\t\t\t\t<\/div>\n\t\t<\/div>\n\t\t\t\t\t<\/div>\n\t\t<\/section>\n\t\t\t\t<\/div>\n\t\t","protected":false},"excerpt":{"rendered":"<p>\u00dcber Zimmer Hier finden Sie Antworten auf Ihre Fragen Ist das Fr\u00fchst\u00fcck im Zimmerpreis inbegriffen? Das Fr\u00fchst\u00fcck ist nicht im Standardzimmerpreis inbegriffen. Wir bieten jedoch Fr\u00fchst\u00fccksoptionen gegen Aufpreis an. Verf\u00fcgt dieses Zimmer \u00fcber kostenlosen WLAN-Zugang? Ja, alle unsere Zimmer verf\u00fcgen \u00fcber kostenlosen WLAN-Zugang. So bleiben Sie w\u00e4hrend Ihres Aufenthalts bei uns mit der Welt verbunden. [&hellip;]<\/p>\n","protected":false},"author":1,"featured_media":0,"parent":0,"menu_order":0,"comment_status":"closed","ping_status":"closed","template":"","meta":{"_acf_changed":false,"footnotes":""},"class_list":["post-2158","page","type-page","status-publish","hentry"],"acf":[],"yoast_head":"<!-- This site is optimized with the Yoast SEO plugin v26.0 - https:\/\/yoast.com\/wordpress\/plugins\/seo\/ -->\n<title>FAQ - HerMes ArT<\/title>\n<meta name=\"description\" content=\"Hier finden Sie Antworten auf h\u00e4ufig gestellte Fragen zu unseren Villen und Apartments. Informieren Sie sich \u00fcber WLAN, Fr\u00fchst\u00fcck, Haustiere, Zustellbetten, Stornierungen und unseren 24\/7-Zimmerservice.\" \/>\n<meta name=\"robots\" content=\"index, follow, max-snippet:-1, max-image-preview:large, max-video-preview:-1\" \/>\n<link rel=\"canonical\" href=\"https:\/\/hermesart.si\/de\/faq\/\" \/>\n<meta property=\"og:locale\" content=\"de_DE\" \/>\n<meta property=\"og:type\" content=\"article\" \/>\n<meta property=\"og:title\" content=\"FAQ - HerMes ArT\" \/>\n<meta property=\"og:description\" content=\"Hier finden Sie Antworten auf h\u00e4ufig gestellte Fragen zu unseren Villen und Apartments. Informieren Sie sich \u00fcber WLAN, Fr\u00fchst\u00fcck, Haustiere, Zustellbetten, Stornierungen und unseren 24\/7-Zimmerservice.\" \/>\n<meta property=\"og:url\" content=\"https:\/\/hermesart.si\/de\/faq\/\" \/>\n<meta property=\"og:site_name\" content=\"HerMes ArT\" \/>\n<meta property=\"article:modified_time\" content=\"2025-09-28T23:01:14+00:00\" \/>\n<meta name=\"twitter:card\" content=\"summary_large_image\" \/>\n<meta name=\"twitter:label1\" content=\"Gesch\u00e4tzte Lesezeit\" \/>\n\t<meta name=\"twitter:data1\" content=\"1\u00a0Minute\" \/>\n<script type=\"application\/ld+json\" class=\"yoast-schema-graph\">{\"@context\":\"https:\/\/schema.org\",\"@graph\":[{\"@type\":\"WebPage\",\"@id\":\"https:\/\/hermesart.si\/de\/faq\/\",\"url\":\"https:\/\/hermesart.si\/de\/faq\/\",\"name\":\"FAQ - HerMes ArT\",\"isPartOf\":{\"@id\":\"https:\/\/hermesart.si\/de\/#website\"},\"datePublished\":\"2024-08-28T20:36:23+00:00\",\"dateModified\":\"2025-09-28T23:01:14+00:00\",\"description\":\"Hier finden Sie Antworten auf h\u00e4ufig gestellte Fragen zu unseren Villen und Apartments. Informieren Sie sich \u00fcber WLAN, Fr\u00fchst\u00fcck, Haustiere, Zustellbetten, Stornierungen und unseren 24\/7-Zimmerservice.\",\"breadcrumb\":{\"@id\":\"https:\/\/hermesart.si\/de\/faq\/#breadcrumb\"},\"inLanguage\":\"de\",\"potentialAction\":[{\"@type\":\"ReadAction\",\"target\":[\"https:\/\/hermesart.si\/de\/faq\/\"]}]},{\"@type\":\"BreadcrumbList\",\"@id\":\"https:\/\/hermesart.si\/de\/faq\/#breadcrumb\",\"itemListElement\":[{\"@type\":\"ListItem\",\"position\":1,\"name\":\"Domov\",\"item\":\"https:\/\/hermesart.si\/de\/heim\/\"},{\"@type\":\"ListItem\",\"position\":2,\"name\":\"FAQ\"}]},{\"@type\":\"WebSite\",\"@id\":\"https:\/\/hermesart.si\/de\/#website\",\"url\":\"https:\/\/hermesart.si\/de\/\",\"name\":\"HerMes ArT\",\"description\":\"Villas &amp; Apartments in Slovenia, Italy &amp; Croatia\",\"publisher\":{\"@id\":\"https:\/\/hermesart.si\/de\/#organization\"},\"potentialAction\":[{\"@type\":\"SearchAction\",\"target\":{\"@type\":\"EntryPoint\",\"urlTemplate\":\"https:\/\/hermesart.si\/de\/?s={search_term_string}\"},\"query-input\":{\"@type\":\"PropertyValueSpecification\",\"valueRequired\":true,\"valueName\":\"search_term_string\"}}],\"inLanguage\":\"de\"},{\"@type\":\"Organization\",\"@id\":\"https:\/\/hermesart.si\/de\/#organization\",\"name\":\"HerMes ArT\",\"url\":\"https:\/\/hermesart.si\/de\/\",\"logo\":{\"@type\":\"ImageObject\",\"inLanguage\":\"de\",\"@id\":\"https:\/\/hermesart.si\/de\/#\/schema\/logo\/image\/\",\"url\":\"https:\/\/hermesart.si\/wp-content\/uploads\/2024\/08\/HerMes-arT-Logo-transaprent.png\",\"contentUrl\":\"https:\/\/hermesart.si\/wp-content\/uploads\/2024\/08\/HerMes-arT-Logo-transaprent.png\",\"width\":508,\"height\":374,\"caption\":\"HerMes ArT\"},\"image\":{\"@id\":\"https:\/\/hermesart.si\/de\/#\/schema\/logo\/image\/\"}}]}<\/script>\n<!-- \/ Yoast SEO plugin. -->","yoast_head_json":{"title":"FAQ - HerMes ArT","description":"Hier finden Sie Antworten auf h\u00e4ufig gestellte Fragen zu unseren Villen und Apartments. Informieren Sie sich \u00fcber WLAN, Fr\u00fchst\u00fcck, Haustiere, Zustellbetten, Stornierungen und unseren 24\/7-Zimmerservice.","robots":{"index":"index","follow":"follow","max-snippet":"max-snippet:-1","max-image-preview":"max-image-preview:large","max-video-preview":"max-video-preview:-1"},"canonical":"https:\/\/hermesart.si\/de\/faq\/","og_locale":"de_DE","og_type":"article","og_title":"FAQ - HerMes ArT","og_description":"Hier finden Sie Antworten auf h\u00e4ufig gestellte Fragen zu unseren Villen und Apartments. Informieren Sie sich \u00fcber WLAN, Fr\u00fchst\u00fcck, Haustiere, Zustellbetten, Stornierungen und unseren 24\/7-Zimmerservice.","og_url":"https:\/\/hermesart.si\/de\/faq\/","og_site_name":"HerMes ArT","article_modified_time":"2025-09-28T23:01:14+00:00","twitter_card":"summary_large_image","twitter_misc":{"Gesch\u00e4tzte Lesezeit":"1\u00a0Minute"},"schema":{"@context":"https:\/\/schema.org","@graph":[{"@type":"WebPage","@id":"https:\/\/hermesart.si\/de\/faq\/","url":"https:\/\/hermesart.si\/de\/faq\/","name":"FAQ - HerMes ArT","isPartOf":{"@id":"https:\/\/hermesart.si\/de\/#website"},"datePublished":"2024-08-28T20:36:23+00:00","dateModified":"2025-09-28T23:01:14+00:00","description":"Hier finden Sie Antworten auf h\u00e4ufig gestellte Fragen zu unseren Villen und Apartments. Informieren Sie sich \u00fcber WLAN, Fr\u00fchst\u00fcck, Haustiere, Zustellbetten, Stornierungen und unseren 24\/7-Zimmerservice.","breadcrumb":{"@id":"https:\/\/hermesart.si\/de\/faq\/#breadcrumb"},"inLanguage":"de","potentialAction":[{"@type":"ReadAction","target":["https:\/\/hermesart.si\/de\/faq\/"]}]},{"@type":"BreadcrumbList","@id":"https:\/\/hermesart.si\/de\/faq\/#breadcrumb","itemListElement":[{"@type":"ListItem","position":1,"name":"Domov","item":"https:\/\/hermesart.si\/de\/heim\/"},{"@type":"ListItem","position":2,"name":"FAQ"}]},{"@type":"WebSite","@id":"https:\/\/hermesart.si\/de\/#website","url":"https:\/\/hermesart.si\/de\/","name":"HerMes ArT","description":"Villas &amp; Apartments in Slovenia, Italy &amp; Croatia","publisher":{"@id":"https:\/\/hermesart.si\/de\/#organization"},"potentialAction":[{"@type":"SearchAction","target":{"@type":"EntryPoint","urlTemplate":"https:\/\/hermesart.si\/de\/?s={search_term_string}"},"query-input":{"@type":"PropertyValueSpecification","valueRequired":true,"valueName":"search_term_string"}}],"inLanguage":"de"},{"@type":"Organization","@id":"https:\/\/hermesart.si\/de\/#organization","name":"HerMes ArT","url":"https:\/\/hermesart.si\/de\/","logo":{"@type":"ImageObject","inLanguage":"de","@id":"https:\/\/hermesart.si\/de\/#\/schema\/logo\/image\/","url":"https:\/\/hermesart.si\/wp-content\/uploads\/2024\/08\/HerMes-arT-Logo-transaprent.png","contentUrl":"https:\/\/hermesart.si\/wp-content\/uploads\/2024\/08\/HerMes-arT-Logo-transaprent.png","width":508,"height":374,"caption":"HerMes ArT"},"image":{"@id":"https:\/\/hermesart.si\/de\/#\/schema\/logo\/image\/"}}]}},"_links":{"self":[{"href":"https:\/\/hermesart.si\/de\/wp-json\/wp\/v2\/pages\/2158","targetHints":{"allow":["GET"]}}],"collection":[{"href":"https:\/\/hermesart.si\/de\/wp-json\/wp\/v2\/pages"}],"about":[{"href":"https:\/\/hermesart.si\/de\/wp-json\/wp\/v2\/types\/page"}],"author":[{"embeddable":true,"href":"https:\/\/hermesart.si\/de\/wp-json\/wp\/v2\/users\/1"}],"replies":[{"embeddable":true,"href":"https:\/\/hermesart.si\/de\/wp-json\/wp\/v2\/comments?post=2158"}],"version-history":[{"count":1,"href":"https:\/\/hermesart.si\/de\/wp-json\/wp\/v2\/pages\/2158\/revisions"}],"predecessor-version":[{"id":2159,"href":"https:\/\/hermesart.si\/de\/wp-json\/wp\/v2\/pages\/2158\/revisions\/2159"}],"wp:attachment":[{"href":"https:\/\/hermesart.si\/de\/wp-json\/wp\/v2\/media?parent=2158"}],"curies":[{"name":"wp","href":"https:\/\/api.w.org\/{rel}","templated":true}]}}